{"id":188,"date":"2014-11-27T07:56:10","date_gmt":"2014-11-27T06:56:10","guid":{"rendered":"https:\/\/www.avvocatosilviarossi.it\/web\/?page_id=188"},"modified":"2015-06-15T11:25:45","modified_gmt":"2015-06-15T09:25:45","slug":"gratuito-patrocinio","status":"publish","type":"page","link":"https:\/\/www.avvocatosilviarossi.it\/web\/gratuito-patrocinio\/","title":{"rendered":"Gratuito Patrocinio"},"content":{"rendered":"<p><\/p>\n<div class=\"modern_img_frame modern_banner_regular\"><div class=\"img-preload\"><img src='https:\/\/www.avvocatosilviarossi.it\/web\/wp-content\/uploads\/2014\/12\/Gratuito_Patrocinio-Copia.png' alt='' class=\"attachment-fadeIn\" \/><\/div><\/div><\/h3>\n<h3 style= \"font-size: 16px; text-align: justify; line-height: 30px;\">La persona non abbiente pu\u00f2 chiedere di essere assistita in un giudizio da un avvocato, iscritto nelle apposite liste, a spese dello Stato purch\u00e9 le sue difese non risultino manifestamente infondate.<br \/><strong>Per essere ammessi al patrocinio a spese dello Stato<\/strong> \u00e8 necessario che il richiedente sia titolare di un reddito annuo imponibile, risultante dall&#8217;ultima dichiarazione, <strong>non superiore a euro 11.369,24<\/strong>.<br \/>\nSe l&#8217;interessato convive con il coniuge o con altri familiari, il reddito \u00e8 costituito dalla somma dei redditi conseguiti nel medesimo periodo da ogni componente della famiglia, compreso l&#8217;istante.<br \/>\nEccezione: si tiene conto del solo reddito personale quando sono oggetto della causa diritti della personalit\u00e0, ovvero nei processi in cui gli interessi del richiedente sono in conflitto con quelli degli altri componenti il nucleo familiare con lui conviventi.<br \/>La domanda di ammissione in ambito civile si presenta al Consiglio dell&#8217;Ordine degli Avvocati competente il quale valuta la fondatezza delle pretese da far valere e se ricorrono le condizioni per l&#8217;ammissibilit\u00e0 emette il provvedimento di accoglimento della domanda e ne trasmette copia all&#8217;interessato, al giudice competente e all&#8217;Ufficio delle Entrate, per la verifica dei redditi dichiarati.<br \/>\n<\/h3>\n","protected":false},"excerpt":{"rendered":"<p>La persona non abbiente pu\u00f2 chiedere di essere assistita in un giudizio da un avvocato, iscritto nelle apposite liste, a spese dello Stato purch\u00e9 le sue difese non risultino manifestamente infondate.Per essere ammessi al patrocinio a spese dello Stato \u00e8 necessario che il richiedente sia titolare di un reddito annuo imponibile, risultante dall&#8217;ultima dichiarazione, non superiore a euro 11.369,24.<br \/>\nSe l&#8217;interessato convive con il coniuge o con altri familiari, il reddito \u00e8 costituito dalla somma dei redditi conseguiti &#8230;<\/p>\n","protected":false},"author":1,"featured_media":0,"parent":0,"menu_order":0,"comment_status":"closed","ping_status":"closed","template":"template_rightsidebar_horizontalnav.php","meta":[],"yoast_head":"<!-- This site is optimized with the Yoast SEO plugin v16.3 - https:\/\/yoast.com\/wordpress\/plugins\/seo\/ -->\n<title>AVVOCATO GRATUITO PATROCINIO MANTOVA - SILVIA ROSSI<\/title>\n<meta name=\"description\" content=\"Hai necessit\u00e0 del gratuito patrocinio a Mantova? L&#039;avvocato Silvia Rossi grazie ad una esperienza pluriennale nel settore sapr\u00e0 garantirti competenza e professionalit\u00e0.\" \/>\n<meta name=\"robots\" content=\"index, follow, max-snippet:-1, max-image-preview:large, max-video-preview:-1\" \/>\n<link rel=\"canonical\" href=\"https:\/\/www.avvocatosilviarossi.it\/web\/gratuito-patrocinio\/\" \/>\n<meta property=\"og:locale\" content=\"it_IT\" \/>\n<meta property=\"og:type\" content=\"article\" \/>\n<meta property=\"og:title\" content=\"AVVOCATO GRATUITO PATROCINIO MANTOVA - SILVIA ROSSI\" \/>\n<meta property=\"og:description\" content=\"Hai necessit\u00e0 del gratuito patrocinio a Mantova? L&#039;avvocato Silvia Rossi grazie ad una esperienza pluriennale nel settore sapr\u00e0 garantirti competenza e professionalit\u00e0.\" \/>\n<meta property=\"og:url\" content=\"https:\/\/www.avvocatosilviarossi.it\/web\/gratuito-patrocinio\/\" \/>\n<meta property=\"og:site_name\" content=\"Avvocato Silvia Rossi Mantova\" \/>\n<meta property=\"article:modified_time\" content=\"2015-06-15T09:25:45+00:00\" \/>\n<meta name=\"twitter:label1\" content=\"Tempo di lettura stimato\">\n\t<meta name=\"twitter:data1\" content=\"1 minuto\">\n<script type=\"application\/ld+json\" class=\"yoast-schema-graph\">{\"@context\":\"https:\/\/schema.org\",\"@graph\":[{\"@type\":\"WebSite\",\"@id\":\"https:\/\/www.avvocatosilviarossi.it\/web\/#website\",\"url\":\"https:\/\/www.avvocatosilviarossi.it\/web\/\",\"name\":\"Avvocato Silvia Rossi Mantova\",\"description\":\"\",\"potentialAction\":[{\"@type\":\"SearchAction\",\"target\":\"https:\/\/www.avvocatosilviarossi.it\/web\/?s={search_term_string}\",\"query-input\":\"required name=search_term_string\"}],\"inLanguage\":\"it-IT\"},{\"@type\":\"WebPage\",\"@id\":\"https:\/\/www.avvocatosilviarossi.it\/web\/gratuito-patrocinio\/#webpage\",\"url\":\"https:\/\/www.avvocatosilviarossi.it\/web\/gratuito-patrocinio\/\",\"name\":\"AVVOCATO GRATUITO PATROCINIO MANTOVA - SILVIA ROSSI\",\"isPartOf\":{\"@id\":\"https:\/\/www.avvocatosilviarossi.it\/web\/#website\"},\"datePublished\":\"2014-11-27T06:56:10+00:00\",\"dateModified\":\"2015-06-15T09:25:45+00:00\",\"description\":\"Hai necessit\\u00e0 del gratuito patrocinio a Mantova? L'avvocato Silvia Rossi grazie ad una esperienza pluriennale nel settore sapr\\u00e0 garantirti competenza e professionalit\\u00e0.\",\"breadcrumb\":{\"@id\":\"https:\/\/www.avvocatosilviarossi.it\/web\/gratuito-patrocinio\/#breadcrumb\"},\"inLanguage\":\"it-IT\",\"potentialAction\":[{\"@type\":\"ReadAction\",\"target\":[\"https:\/\/www.avvocatosilviarossi.it\/web\/gratuito-patrocinio\/\"]}]},{\"@type\":\"BreadcrumbList\",\"@id\":\"https:\/\/www.avvocatosilviarossi.it\/web\/gratuito-patrocinio\/#breadcrumb\",\"itemListElement\":[{\"@type\":\"ListItem\",\"position\":1,\"item\":{\"@type\":\"WebPage\",\"@id\":\"https:\/\/www.avvocatosilviarossi.it\/web\/\",\"url\":\"https:\/\/www.avvocatosilviarossi.it\/web\/\",\"name\":\"Home\"}},{\"@type\":\"ListItem\",\"position\":2,\"item\":{\"@id\":\"https:\/\/www.avvocatosilviarossi.it\/web\/gratuito-patrocinio\/#webpage\"}}]}]}<\/script>\n<!-- \/ Yoast SEO plugin. -->","_links":{"self":[{"href":"https:\/\/www.avvocatosilviarossi.it\/web\/wp-json\/wp\/v2\/pages\/188"}],"collection":[{"href":"https:\/\/www.avvocatosilviarossi.it\/web\/wp-json\/wp\/v2\/pages"}],"about":[{"href":"https:\/\/www.avvocatosilviarossi.it\/web\/wp-json\/wp\/v2\/types\/page"}],"author":[{"embeddable":true,"href":"https:\/\/www.avvocatosilviarossi.it\/web\/wp-json\/wp\/v2\/users\/1"}],"replies":[{"embeddable":true,"href":"https:\/\/www.avvocatosilviarossi.it\/web\/wp-json\/wp\/v2\/comments?post=188"}],"version-history":[{"count":31,"href":"https:\/\/www.avvocatosilviarossi.it\/web\/wp-json\/wp\/v2\/pages\/188\/revisions"}],"predecessor-version":[{"id":585,"href":"https:\/\/www.avvocatosilviarossi.it\/web\/wp-json\/wp\/v2\/pages\/188\/revisions\/585"}],"wp:attachment":[{"href":"https:\/\/www.avvocatosilviarossi.it\/web\/wp-json\/wp\/v2\/media?parent=188"}],"curies":[{"name":"wp","href":"https:\/\/api.w.org\/{rel}","templated":true}]}}